{"id":73075,"date":"2022-08-09T10:25:53","date_gmt":"2022-08-09T07:25:53","guid":{"rendered":"https:\/\/novinariana.com\/contact\/"},"modified":"2025-05-19T12:47:08","modified_gmt":"2025-05-19T09:47:08","slug":"contact","status":"publish","type":"page","link":"https:\/\/novinariana.com\/ru\/contact\/","title":{"rendered":"\u041a\u043e\u043d\u0442\u0430\u043a\u0442\u044b"},"content":{"rendered":"\t\t<div data-elementor-type=\"wp-page\" data-elementor-id=\"73075\" class=\"elementor elementor-73075 elementor-15106\" data-elementor-post-type=\"page\">\n\t\t\t\t\t\t<section class=\"elementor-section elementor-top-section elementor-element elementor-element-64a165f9 elementor-section-boxed elementor-section-height-default elementor-section-height-default\" data-id=\"64a165f9\" data-element_type=\"section\">\n\t\t\t\t\t\t<div class=\"elementor-container elementor-column-gap-default\">\n\t\t\t\t\t<div class=\"elementor-column elementor-col-33 elementor-top-column elementor-element elementor-element-71c4322\" data-id=\"71c4322\" data-element_type=\"column\">\n\t\t\t<div class=\"elementor-widget-wrap elementor-element-populated\">\n\t\t\t\t\t\t<div class=\"elementor-element elementor-element-96b8f6b shadow shadow-hover-sm fly-sm rounded-10 pix-mb-20 elementor-widget elementor-widget-pix-feature\" data-id=\"96b8f6b\" data-element_type=\"widget\" data-widget_type=\"pix-feature.default\">\n\t\t\t\t<div class=\"elementor-widget-container\">\n\t\t\t\t\t<a href=\"tel:+905355098001\" target=\"_blank\"><div id=\"duo-icon-71780802\" class=\"pix-feature-el  media \"><div class=\"rounded-circle mr-3 d-inline-block2 d-inline-flex align-items-center justify-content-center line-height-0 mw-100 bg-primary-light \"   style=\" width:64.8px;aspect-ratio:1\/1 !important;position:relative;text-align:center;\"><div class=\"text-white\" style=\"display:inline-block;width:36px;height:36px;font-size:36px;\"><svg width=\"100%\" height=\"100%\" viewBox=\"0 0 24 24\" version=\"1.1\" xmlns=\"http:\/\/www.w3.org\/2000\/svg\" xmlns:xlink=\"http:\/\/www.w3.org\/1999\/xlink\"> <defs><\/defs> <g stroke=\"none\" stroke-width=\"1\" fill=\"none\" fill-rule=\"evenodd\"> <path d=\"M13.0799676,14.7839934 L15.2839934,12.5799676 C15.8927139,11.9712471 16.0436229,11.0413042 15.6586342,10.2713269 L15.5337539,10.0215663 C15.1487653,9.25158901 15.2996742,8.3216461 15.9083948,7.71292558 L18.6411989,4.98012149 C18.836461,4.78485934 19.1530435,4.78485934 19.3483056,4.98012149 C19.3863063,5.01812215 19.4179321,5.06200062 19.4419658,5.11006808 L20.5459415,7.31801948 C21.3904962,9.0071287 21.0594452,11.0471565 19.7240871,12.3825146 L13.7252616,18.3813401 C12.2717221,19.8348796 10.1217008,20.3424308 8.17157288,19.6923882 L5.75709327,18.8875616 C5.49512161,18.8002377 5.35354162,18.5170777 5.4408655,18.2551061 C5.46541191,18.1814669 5.50676633,18.114554 5.56165376,18.0596666 L8.21292558,15.4083948 C8.8216461,14.7996742 9.75158901,14.6487653 10.5215663,15.0337539 L10.7713269,15.1586342 C11.5413042,15.5436229 12.4712471,15.3927139 13.0799676,14.7839934 Z\" fill=\"#000000\"><\/path> <path d=\"M14.1480759,6.00715131 L13.9566988,7.99797396 C12.4781389,7.8558405 11.0097207,8.36895892 9.93933983,9.43933983 C8.8724631,10.5062166 8.35911588,11.9685602 8.49664195,13.4426352 L6.50528978,13.6284215 C6.31304559,11.5678496 7.03283934,9.51741319 8.52512627,8.02512627 C10.0223249,6.52792766 12.0812426,5.80846733 14.1480759,6.00715131 Z M14.4980938,2.02230302 L14.313049,4.01372424 C11.6618299,3.76737046 9.03000738,4.69181803 7.1109127,6.6109127 C5.19447112,8.52735429 4.26985715,11.1545872 4.51274152,13.802405 L2.52110319,13.985098 C2.22450978,10.7517681 3.35562581,7.53777247 5.69669914,5.19669914 C8.04101739,2.85238089 11.2606138,1.72147333 14.4980938,2.02230302 Z\" fill=\"#000000\" fill-rule=\"nonzero\" opacity=\"0.3\"><\/path> <\/g> <\/svg>\n<\/div><\/div><div class=\"media-body text-custom\"><h6 class=\"font-weight-bold   text-heading-default  \" style=\"padding-top:10px;\"  >\u0422\u0435\u043b\u0435\u0444\u043e\u043d<\/h6><div class=\"text-text-gray text-18     \" style=\"\"  >+90 535 509 8001<\/div><\/div><\/div><\/a>\t\t\t\t<\/div>\n\t\t\t\t<\/div>\n\t\t\t\t\t<\/div>\n\t\t<\/div>\n\t\t\t\t<div class=\"elementor-column elementor-col-33 elementor-top-column elementor-element elementor-element-dc82ffe\" data-id=\"dc82ffe\" data-element_type=\"column\">\n\t\t\t<div class=\"elementor-widget-wrap elementor-element-populated\">\n\t\t\t\t\t\t<div class=\"elementor-element elementor-element-19d9511e shadow shadow-hover-sm fly-sm rounded-10 pix-mb-20 elementor-widget elementor-widget-pix-feature\" data-id=\"19d9511e\" data-element_type=\"widget\" data-widget_type=\"pix-feature.default\">\n\t\t\t\t<div class=\"elementor-widget-container\">\n\t\t\t\t\t<a href=\"mailto:info@novinariana.com\" target=\"_blank\"><div id=\"duo-icon-182232373\" class=\"pix-feature-el  media \"><div class=\"rounded-circle mr-3 d-inline-block2 d-inline-flex align-items-center justify-content-center line-height-0 mw-100 bg-white \"   style=\" width:64.8px;aspect-ratio:1\/1 !important;position:relative;text-align:center;\"><div class=\"text-white\" style=\"display:inline-block;width:36px;height:36px;font-size:36px;\"><svg width=\"100%\" height=\"100%\" viewBox=\"0 0 24 24\" version=\"1.1\" xmlns=\"http:\/\/www.w3.org\/2000\/svg\" xmlns:xlink=\"http:\/\/www.w3.org\/1999\/xlink\"> <defs><\/defs> <g stroke=\"none\" stroke-width=\"1\" fill=\"none\" fill-rule=\"evenodd\"> <path d=\"M21,12.0829584 C20.6747915,12.0283988 20.3407122,12 20,12 C16.6862915,12 14,14.6862915 14,18 C14,18.3407122 14.0283988,18.6747915 14.0829584,19 L5,19 C3.8954305,19 3,18.1045695 3,17 L3,8 C3,6.8954305 3.8954305,6 5,6 L19,6 C20.1045695,6 21,6.8954305 21,8 L21,12.0829584 Z M18.1444251,7.83964668 L12,11.1481833 L5.85557487,7.83964668 C5.4908718,7.6432681 5.03602525,7.77972206 4.83964668,8.14442513 C4.6432681,8.5091282 4.77972206,8.96397475 5.14442513,9.16035332 L11.6444251,12.6603533 C11.8664074,12.7798822 12.1335926,12.7798822 12.3555749,12.6603533 L18.8555749,9.16035332 C19.2202779,8.96397475 19.3567319,8.5091282 19.1603533,8.14442513 C18.9639747,7.77972206 18.5091282,7.6432681 18.1444251,7.83964668 Z\" fill=\"#000000\"><\/path> <circle fill=\"#000000\" opacity=\"0.3\" cx=\"19.5\" cy=\"17.5\" r=\"2.5\"><\/circle> <\/g> <\/svg><\/div><\/div><div class=\"media-body text-custom\"><h6 class=\"font-weight-bold   text-heading-default  \" style=\"padding-top:10px;\"  >\u0410\u0434\u0440\u0435\u0441 \u044d\u043b\u0435\u043a\u0442\u0440\u043e\u043d\u043d\u043e\u0439 \u043f\u043e\u0447\u0442\u0438<\/h6><div class=\"text-text-gray text-18     \" style=\"\"  >info(at)novinariana.com<\/div><\/div><\/div><\/a>\t\t\t\t<\/div>\n\t\t\t\t<\/div>\n\t\t\t\t\t<\/div>\n\t\t<\/div>\n\t\t\t\t<div class=\"elementor-column elementor-col-33 elementor-top-column elementor-element elementor-element-4f41cbfb\" data-id=\"4f41cbfb\" data-element_type=\"column\">\n\t\t\t<div class=\"elementor-widget-wrap elementor-element-populated\">\n\t\t\t\t\t\t<div class=\"elementor-element elementor-element-1af0c979 shadow shadow-hover-sm fly-sm rounded-10 pix-mb-20 elementor-widget elementor-widget-pix-feature\" data-id=\"1af0c979\" data-element_type=\"widget\" data-widget_type=\"pix-feature.default\">\n\t\t\t\t<div class=\"elementor-widget-container\">\n\t\t\t\t\t<a href=\"https:\/\/g.co\/kgs\/wZeTCA4\" target=\"_blank\"><div id=\"duo-icon-63104591\" class=\"pix-feature-el  media \"><div class=\"rounded-circle mr-3 d-inline-block2 d-inline-flex align-items-center justify-content-center line-height-0 mw-100 bg-primary-light \"   style=\" width:64.8px;aspect-ratio:1\/1 !important;position:relative;text-align:center;\"><div class=\"text-white\" style=\"display:inline-block;width:36px;height:36px;font-size:36px;\"><svg width=\"100%\" height=\"100%\" viewBox=\"0 0 24 24\" version=\"1.1\" xmlns=\"http:\/\/www.w3.org\/2000\/svg\" xmlns:xlink=\"http:\/\/www.w3.org\/1999\/xlink\"> <defs><\/defs> <g stroke=\"none\" stroke-width=\"1\" fill=\"none\" fill-rule=\"evenodd\"> <circle fill=\"#000000\" opacity=\"0.3\" cx=\"12\" cy=\"12\" r=\"9\"><\/circle> <path d=\"M11.7357634,20.9961946 C6.88740052,20.8563914 3,16.8821712 3,12 C3,11.9168367 3.00112797,11.8339369 3.00336944,11.751315 C3.66233009,11.8143341 4.85636818,11.9573854 4.91262842,12.4204038 C4.9904938,13.0609191 4.91262842,13.8615942 5.45804656,14.101772 C6.00346469,14.3419498 6.15931561,13.1409372 6.6267482,13.4612567 C7.09418079,13.7815761 8.34086797,14.0899175 8.34086797,14.6562185 C8.34086797,15.222396 8.10715168,16.1034596 8.34086797,16.2636193 C8.57458427,16.423779 9.5089688,17.54465 9.50920913,17.7048097 C9.50956962,17.8649694 9.83857487,18.6793513 9.74040201,18.9906563 C9.65905192,19.2487394 9.24857641,20.0501554 8.85059781,20.4145589 C9.75315358,20.7620621 10.7235846,20.9657742 11.7357634,20.9960544 L11.7357634,20.9961946 Z M8.28272988,3.80112099 C9.4158415,3.28656421 10.6744554,3 12,3 C15.5114513,3 18.5532143,5.01097452 20.0364482,7.94408274 C20.069657,8.72412177 20.0638332,9.39135321 20.2361262,9.6327358 C21.1131932,10.8600506 18.0995147,11.7043158 18.5573343,13.5605384 C18.7589671,14.3794892 16.5527814,14.1196773 16.0139722,14.886394 C15.4748026,15.6527403 14.1574598,15.137809 13.8520064,14.9904917 C13.546553,14.8431744 12.3766497,15.3341497 12.4789081,14.4995164 C12.5805657,13.664636 13.2922889,13.6156126 14.0555619,13.2719546 C14.8184743,12.928667 15.9189236,11.7871741 15.3781918,11.6380045 C12.8323064,10.9362407 11.963771,8.47852395 11.963771,8.47852395 C11.8110443,8.44901109 11.8493762,6.74109366 11.1883616,6.69207022 C10.5267462,6.64279981 10.170464,6.88841096 9.20435656,6.69207022 C8.23764828,6.49572949 8.44144409,5.85743687 8.2887174,4.48255778 C8.25453994,4.17415686 8.25619136,3.95717082 8.28272988,3.80112099 Z M20.9991771,11.8770357 C20.9997251,11.9179585 21,11.9589471 21,12 C21,16.9406923 17.0188468,20.9515364 12.0895088,20.9995641 C16.970233,20.9503326 20.9337111,16.888438 20.9991771,11.8770357 Z\" fill=\"#000000\" opacity=\"0.3\"><\/path> <\/g> <\/svg><\/div><\/div><div class=\"media-body text-custom\"><h6 class=\"font-weight-bold   text-heading-default  \" style=\"padding-top:10px;\"  >\u0410\u0434\u0440\u0435\u0441<\/h6><div class=\"text-text-gray text-18     \" style=\"\"  >Atak\u00f6y \/ \u0130stanbul<\/div><\/div><\/div><\/a>\t\t\t\t<\/div>\n\t\t\t\t<\/div>\n\t\t\t\t\t<\/div>\n\t\t<\/div>\n\t\t\t\t\t<\/div>\n\t\t<\/section>\n\t\t\t\t<section class=\"elementor-section elementor-top-section elementor-element elementor-element-3f4943e9 elementor-section-boxed elementor-section-height-default elementor-section-height-default\" data-id=\"3f4943e9\" data-element_type=\"section\">\n\t\t\t\t\t\t<div class=\"elementor-container elementor-column-gap-default\">\n\t\t\t\t\t<div class=\"elementor-column elementor-col-50 elementor-top-column elementor-element elementor-element-68b2bb68\" data-id=\"68b2bb68\" data-element_type=\"column\">\n\t\t\t<div class=\"elementor-widget-wrap elementor-element-populated\">\n\t\t\t\t\t\t<section class=\"elementor-section elementor-inner-section elementor-element elementor-element-7ed01922 bg-white shadow-lg shadow-hover-lg rounded-10 fly-sm animated-slow elementor-section-boxed elementor-section-height-default elementor-section-height-default elementor-invisible\" data-id=\"7ed01922\" data-element_type=\"section\" data-settings=\"{&quot;animation&quot;:&quot;fadeInUp&quot;}\">\n\t\t\t\t\t\t<div class=\"elementor-container elementor-column-gap-default\">\n\t\t\t\t\t<div class=\"elementor-column elementor-col-100 elementor-inner-column elementor-element elementor-element-5806ff07\" data-id=\"5806ff07\" data-element_type=\"column\">\n\t\t\t<div class=\"elementor-widget-wrap elementor-element-populated\">\n\t\t\t\t\t\t<div class=\"elementor-element elementor-element-6b356d85 elementor-widget elementor-widget-pix-heading\" data-id=\"6b356d85\" data-element_type=\"widget\" data-widget_type=\"pix-heading.default\">\n\t\t\t\t<div class=\"elementor-widget-container\">\n\t\t\t\t\t<div  class=\"pix-heading-el text-left \"><div><div class=\"slide-in-container\"><h5 class=\"text-heading-default font-weight-bold heading-text el-title_custom_color mb-12\" style=\"\" data-anim-type=\"\" data-anim-delay=\"\">\u041d\u0430\u043f\u0438\u0448\u0438\u0442\u0435 \u043d\u0430\u043c \u0441\u043e\u043e\u0431\u0449\u0435\u043d\u0438\u0435<\/h5><\/div><\/div><\/div>\t\t\t\t<\/div>\n\t\t\t\t<\/div>\n\t\t\t\t<div class=\"elementor-element elementor-element-46f95ae2 elementor-widget elementor-widget-pix-text\" data-id=\"46f95ae2\" data-element_type=\"widget\" data-widget_type=\"pix-text.default\">\n\t\t\t\t<div class=\"elementor-widget-container\">\n\t\t\t\t\t<div class=\"pix-el-text w-100 text-left \" ><p class=\" resp-option text-body-default text-left \" >\u0421\u0432\u044f\u0436\u0438\u0442\u0435\u0441\u044c \u0441 \u043d\u0430\u043c\u0438 \u0447\u0435\u0440\u0435\u0437 \u044d\u0442\u0443 \u0444\u043e\u0440\u043c\u0443, \u0438 \u043d\u0430\u0448\u0430 \u0441\u043b\u0443\u0436\u0431\u0430 \u043f\u043e\u0434\u0434\u0435\u0440\u0436\u043a\u0438 \u0441\u0432\u044f\u0436\u0435\u0442\u0441\u044f \u0441 \u0432\u0430\u043c\u0438 \u0432 \u043a\u0440\u0430\u0442\u0447\u0430\u0439\u0448\u0438\u0435 \u0441\u0440\u043e\u043a\u0438.<\/p><\/div>\t\t\t\t<\/div>\n\t\t\t\t<\/div>\n\t\t\t\t<div class=\"elementor-element elementor-element-5f5508db elementor-widget elementor-widget-text-editor\" data-id=\"5f5508db\" data-element_type=\"widget\" data-widget_type=\"text-editor.default\">\n\t\t\t\t<div class=\"elementor-widget-container\">\n\t\t\t\t\t\t\t\t\t<div class=\"wpforms-container wpforms-container-full\" id=\"wpforms-99664\"><form id=\"wpforms-form-99664\" class=\"wpforms-validate wpforms-form wpforms-ajax-form\" data-formid=\"99664\" method=\"post\" enctype=\"multipart\/form-data\" action=\"\/ru\/wp-json\/wp\/v2\/pages\/73075\" data-token=\"63139134c85e6d3a1bfdc6e3fb6f4254\" data-token-time=\"1778497814\"><noscript class=\"wpforms-error-noscript\">\u0414\u043b\u044f \u0437\u0430\u043f\u043e\u043b\u043d\u0435\u043d\u0438\u044f \u0434\u0430\u043d\u043d\u043e\u0439 \u0444\u043e\u0440\u043c\u044b \u0432\u043a\u043b\u044e\u0447\u0438\u0442\u0435 JavaScript \u0432 \u0431\u0440\u0430\u0443\u0437\u0435\u0440\u0435.<\/noscript><div class=\"wpforms-field-container\"><div id=\"wpforms-99664-field_1-container\" class=\"wpforms-field wpforms-field-name\" data-field-id=\"1\"><label class=\"wpforms-field-label\" for=\"wpforms-99664-field_1\">\u0418\u043c\u044f \u0438 \u0444\u0430\u043c\u0438\u043b\u0438\u044f <span class=\"wpforms-required-label\">*<\/span><\/label><input type=\"text\" id=\"wpforms-99664-field_1\" class=\"wpforms-field-large wpforms-field-required\" name=\"wpforms[fields][1]\" required><\/div><div id=\"wpforms-99664-field_4-container\" class=\"wpforms-field wpforms-field-phone\" data-field-id=\"4\"><label class=\"wpforms-field-label\" for=\"wpforms-99664-field_4\">\u041d\u043e\u043c\u0435\u0440 \u0442\u0435\u043b\u0435\u0444\u043e\u043d\u0430 <span class=\"wpforms-required-label\">*<\/span><\/label><input type=\"tel\" id=\"wpforms-99664-field_4\" class=\"wpforms-field-large wpforms-field-required wpforms-smart-phone-field\" data-rule-smart-phone-field=\"true\" name=\"wpforms[fields][4]\" aria-label=\"\u041d\u043e\u043c\u0435\u0440 \u0442\u0435\u043b\u0435\u0444\u043e\u043d\u0430\" required><\/div>\t\t<div id=\"wpforms-99664-field_3-container\"\n\t\t\tclass=\"wpforms-field wpforms-field-text\"\n\t\t\tdata-field-type=\"text\"\n\t\t\tdata-field-id=\"3\"\n\t\t\t>\n\t\t\t<label class=\"wpforms-field-label\" for=\"wpforms-99664-field_3\" >\u0418\u043c\u044f \u043f\u043e\u0447\u0442\u0430 \u0444\u0430\u043c\u0438\u043b\u0438\u044f<\/label>\n\t\t\t<input type=\"text\" id=\"wpforms-99664-field_3\" class=\"wpforms-field-medium\" name=\"wpforms[fields][3]\" >\n\t\t<\/div>\n\t\t<div id=\"wpforms-99664-field_2-container\" class=\"wpforms-field wpforms-field-email\" data-field-id=\"2\"><label class=\"wpforms-field-label\" for=\"wpforms-99664-field_2\">\u042d\u043b\u0435\u043a\u0442\u0440\u043e\u043d\u043d\u0430\u044f \u043f\u043e\u0447\u0442\u0430 <span class=\"wpforms-required-label\">*<\/span><\/label><input type=\"email\" id=\"wpforms-99664-field_2\" class=\"wpforms-field-large wpforms-field-required\" name=\"wpforms[fields][2]\" spellcheck=\"false\" required><\/div><div id=\"wpforms-99664-field_5-container\" class=\"wpforms-field wpforms-field-textarea\" data-field-id=\"5\"><label class=\"wpforms-field-label\" for=\"wpforms-99664-field_5\">\u0421\u043e\u043e\u0431\u0449\u0435\u043d\u0438\u0435<\/label><textarea id=\"wpforms-99664-field_5\" class=\"wpforms-field-medium\" name=\"wpforms[fields][5]\" ><\/textarea><\/div><script>\n\t\t\t\t( function() {\n\t\t\t\t\tconst style = document.createElement( 'style' );\n\t\t\t\t\tstyle.appendChild( document.createTextNode( '#wpforms-99664-field_3-container { position: absolute !important; overflow: hidden !important; display: inline !important; height: 1px !important; width: 1px !important; z-index: -1000 !important; padding: 0 !important; } #wpforms-99664-field_3-container input { visibility: hidden; } #wpforms-conversational-form-page #wpforms-99664-field_3-container label { counter-increment: none; }' ) );\n\t\t\t\t\tdocument.head.appendChild( style );\n\t\t\t\t\tdocument.currentScript?.remove();\n\t\t\t\t} )();\n\t\t\t<\/script><\/div><!-- .wpforms-field-container --><div class=\"wpforms-submit-container\" ><input type=\"hidden\" name=\"wpforms[id]\" value=\"99664\"><input type=\"hidden\" name=\"page_title\" value=\"\"><input type=\"hidden\" name=\"page_url\" value=\"https:\/\/novinariana.com\/ru\/wp-json\/wp\/v2\/pages\/73075\"><input type=\"hidden\" name=\"url_referer\" value=\"\"><button type=\"submit\" name=\"wpforms[submit]\" id=\"wpforms-submit-99664\" class=\"wpforms-submit\" data-alt-text=\"Sending...\" data-submit-text=\"\u041e\u0442\u043f\u0440\u0430\u0432\u0438\u0442\u044c\" aria-live=\"assertive\" value=\"wpforms-submit\">\u041e\u0442\u043f\u0440\u0430\u0432\u0438\u0442\u044c<\/button><img decoding=\"async\" src=\"https:\/\/novinariana.com\/wp-content\/plugins\/wpforms\/assets\/images\/submit-spin.svg\" class=\"wpforms-submit-spinner\" style=\"display: none;\" width=\"26\" height=\"26\" alt=\"\u0417\u0430\u0433\u0440\u0443\u0437\u043a\u0430\"><\/div><\/form><\/div>  <!-- .wpforms-container -->\t\t\t\t\t\t\t\t<\/div>\n\t\t\t\t<\/div>\n\t\t\t\t\t<\/div>\n\t\t<\/div>\n\t\t\t\t\t<\/div>\n\t\t<\/section>\n\t\t\t\t\t<\/div>\n\t\t<\/div>\n\t\t\t\t<div class=\"elementor-column elementor-col-50 elementor-top-column elementor-element elementor-element-4b83f23e\" data-id=\"4b83f23e\" data-element_type=\"column\">\n\t\t\t<div class=\"elementor-widget-wrap elementor-element-populated\">\n\t\t\t\t\t\t<div class=\"elementor-element elementor-element-6d73504f elementor-widget__width-initial elementor-widget-tablet__width-initial elementor-widget-mobile__width-initial elementor-absolute elementor-widget elementor-widget-pix-img\" data-id=\"6d73504f\" data-element_type=\"widget\" data-settings=\"{&quot;_position&quot;:&quot;absolute&quot;}\" data-widget_type=\"pix-img.default\">\n\t\t\t\t<div class=\"elementor-widget-container\">\n\t\t\t\t\t<div class=\"d-inline-block \" ><div class=\"pix-img-el    text-left d-inline-block  w-100 rounded-lg\"  ><img fetchpriority=\"high\" decoding=\"async\" class=\"card-img2 pix-img-elem rounded-lg  h-1002\" style=\"height:auto;\" width=\"849\" height=\"707\" srcset=\"https:\/\/novinariana.com\/wp-content\/uploads\/2024\/12\/free-consultation.jpg 849w, https:\/\/novinariana.com\/wp-content\/uploads\/2024\/12\/free-consultation-300x250.jpg 300w, https:\/\/novinariana.com\/wp-content\/uploads\/2024\/12\/free-consultation-768x640.jpg 768w\" sizes=\"(max-width: 849px) 100vw, 849px\" src=\"https:\/\/novinariana.com\/wp-content\/uploads\/2024\/12\/free-consultation.jpg\" alt=\"Image link\" \/><\/div><\/div>\t\t\t\t<\/div>\n\t\t\t\t<\/div>\n\t\t\t\t\t<\/div>\n\t\t<\/div>\n\t\t\t\t\t<\/div>\n\t\t<\/section>\n\t\t\t\t<section class=\"elementor-section elementor-top-section elementor-element elementor-element-fdae6d7 elementor-section-full_width elementor-section-height-default elementor-section-height-default\" data-id=\"fdae6d7\" data-element_type=\"section\">\n\t\t\t\t\t\t<div class=\"elementor-container elementor-column-gap-default\">\n\t\t\t\t\t<div class=\"elementor-column elementor-col-100 elementor-top-column elementor-element elementor-element-05dd071\" data-id=\"05dd071\" data-element_type=\"column\">\n\t\t\t<div class=\"elementor-widget-wrap elementor-element-populated\">\n\t\t\t\t\t\t<div class=\"elementor-element elementor-element-ee82635 elementor-widget elementor-widget-google_maps\" data-id=\"ee82635\" data-element_type=\"widget\" data-widget_type=\"google_maps.default\">\n\t\t\t\t<div class=\"elementor-widget-container\">\n\t\t\t\t\t\t\t<div class=\"elementor-custom-embed\">\n\t\t\t<iframe loading=\"lazy\"\n\t\t\t\t\tsrc=\"https:\/\/maps.google.com\/maps?q=Ariana%20Health%20Clinic%2C%20Atakent%2C%2034307%20K%C3%BC%C3%A7%C3%BCk%C3%A7ekmece%2F%C4%B0stanbul%2C%20T%C3%BCrkiye&#038;t=m&#038;z=12&#038;output=embed&#038;iwloc=near\"\n\t\t\t\t\ttitle=\"Ariana Health Clinic, Atakent, 34307 K\u00fc\u00e7\u00fck\u00e7ekmece\/\u0130stanbul, T\u00fcrkiye\"\n\t\t\t\t\taria-label=\"Ariana Health Clinic, Atakent, 34307 K\u00fc\u00e7\u00fck\u00e7ekmece\/\u0130stanbul, T\u00fcrkiye\"\n\t\t\t><\/iframe>\n\t\t<\/div>\n\t\t\t\t\t\t<\/div>\n\t\t\t\t<\/div>\n\t\t\t\t\t<\/div>\n\t\t<\/div>\n\t\t\t\t\t<\/div>\n\t\t<\/section>\n\t\t\t\t<\/div>\n\t\t","protected":false},"excerpt":{"rendered":"<p>\u0422\u0435\u043b\u0435\u0444\u043e\u043d +90 535 509 8001 \u0410\u0434\u0440\u0435\u0441 \u044d\u043b\u0435\u043a\u0442\u0440\u043e\u043d\u043d\u043e\u0439 \u043f\u043e\u0447\u0442\u0438 info(at)novinariana.com \u0410\u0434\u0440\u0435\u0441 Atak\u00f6y \/ \u0130stanbul \u041d\u0430\u043f\u0438\u0448\u0438\u0442\u0435 \u043d\u0430\u043c \u0441\u043e\u043e\u0431\u0449\u0435\u043d\u0438\u0435 \u0421\u0432\u044f\u0436\u0438\u0442\u0435\u0441\u044c \u0441 \u043d\u0430\u043c\u0438 \u0447\u0435\u0440\u0435\u0437 \u044d\u0442\u0443 \u0444\u043e\u0440\u043c\u0443, \u0438 \u043d\u0430\u0448\u0430 \u0441\u043b\u0443\u0436\u0431\u0430 \u043f\u043e\u0434\u0434\u0435\u0440\u0436\u043a\u0438 \u0441\u0432\u044f\u0436\u0435\u0442\u0441\u044f \u0441 \u0432\u0430\u043c\u0438 \u0432 \u043a\u0440\u0430\u0442\u0447\u0430\u0439\u0448\u0438\u0435 \u0441\u0440\u043e\u043a\u0438.<\/p>\n","protected":false},"author":1,"featured_media":0,"parent":0,"menu_order":0,"comment_status":"closed","ping_status":"closed","template":"","meta":{"footnotes":""},"class_list":["post-73075","page","type-page","status-publish","hentry"],"_links":{"self":[{"href":"https:\/\/novinariana.com\/ru\/wp-json\/wp\/v2\/pages\/73075","targetHints":{"allow":["GET"]}}],"collection":[{"href":"https:\/\/novinariana.com\/ru\/wp-json\/wp\/v2\/pages"}],"about":[{"href":"https:\/\/novinariana.com\/ru\/wp-json\/wp\/v2\/types\/page"}],"author":[{"embeddable":true,"href":"https:\/\/novinariana.com\/ru\/wp-json\/wp\/v2\/users\/1"}],"replies":[{"embeddable":true,"href":"https:\/\/novinariana.com\/ru\/wp-json\/wp\/v2\/comments?post=73075"}],"version-history":[{"count":0,"href":"https:\/\/novinariana.com\/ru\/wp-json\/wp\/v2\/pages\/73075\/revisions"}],"wp:attachment":[{"href":"https:\/\/novinariana.com\/ru\/wp-json\/wp\/v2\/media?parent=73075"}],"curies":[{"name":"wp","href":"https:\/\/api.w.org\/{rel}","templated":true}]}}